{"id":12173,"date":"2024-01-04T21:23:55","date_gmt":"2024-01-04T18:23:55","guid":{"rendered":"https:\/\/sodaclaw.com\/?page_id=12173"},"modified":"2025-01-03T12:50:47","modified_gmt":"2025-01-03T09:50:47","slug":"mustafa-ismail-cakar-2","status":"publish","type":"page","link":"https:\/\/sodaclaw.com\/index.php\/mustafa-ismail-cakar-2\/","title":{"rendered":"Mustafa \u0130smail \u00c7akar"},"content":{"rendered":"\t\t<div data-elementor-type=\"wp-page\" data-elementor-id=\"12173\" class=\"elementor elementor-12173\">\n\t\t\t\t\t\t<section class=\"elementor-section elementor-top-section elementor-element elementor-element-418c0cf elementor-section-full_width elementor-reverse-mobile elementor-section-height-min-height elementor-section-height-default elementor-section-items-middle\" data-id=\"418c0cf\" data-element_type=\"section\" data-e-type=\"section\" data-settings=\"{&quot;background_background&quot;:&quot;classic&quot;}\">\n\t\t\t\t\t\t<div class=\"elementor-container elementor-column-gap-no\">\n\t\t\t\t\t<div class=\"elementor-column elementor-col-100 elementor-top-column elementor-element elementor-element-b63dc00\" data-id=\"b63dc00\" data-element_type=\"column\" data-e-type=\"column\">\n\t\t\t<div class=\"elementor-widget-wrap elementor-element-populated\">\n\t\t\t\t\t\t<div class=\"elementor-element elementor-element-f2e5bee elementor-widget elementor-widget-leroux_core_section_title\" data-id=\"f2e5bee\" data-element_type=\"widget\" data-e-type=\"widget\" data-widget_type=\"leroux_core_section_title.default\">\n\t\t\t\t<div class=\"elementor-widget-container\">\n\t\t\t\t\t<div class=\"qodef-shortcode qodef-m  qodef-section-title qodef-alignment--center \">\n\t\t<h1 class=\"qodef-m-title\" style=\"color: #FFFFFF\">\n\t\t\t\t\tMustafa \u0130smail \u00c7akar\t\t\t<\/h1>\n\t\t<p class=\"qodef-m-text\" style=\"color: #FFFFFF\">Avukat<\/p>\n<\/div>\n\t\t\t\t<\/div>\n\t\t\t\t<\/div>\n\t\t\t\t\t<\/div>\n\t\t<\/div>\n\t\t\t\t\t<\/div>\n\t\t<\/section>\n\t\t\t\t<section class=\"elementor-section elementor-top-section elementor-element elementor-element-73d1c9a elementor-section-full_width qodef-elementor-content-grid elementor-section-height-default elementor-section-height-default\" data-id=\"73d1c9a\" data-element_type=\"section\" data-e-type=\"section\">\n\t\t\t\t\t\t<div class=\"elementor-container elementor-column-gap-no\">\n\t\t\t\t\t<div class=\"elementor-column elementor-col-100 elementor-top-column elementor-element elementor-element-31985ad\" data-id=\"31985ad\" data-element_type=\"column\" data-e-type=\"column\">\n\t\t\t<div class=\"elementor-widget-wrap elementor-element-populated\">\n\t\t\t\t\t\t<div class=\"elementor-element elementor-element-8e164c4 elementor-widget elementor-widget-text-editor\" data-id=\"8e164c4\" data-element_type=\"widget\" data-e-type=\"widget\" data-widget_type=\"text-editor.default\">\n\t\t\t\t<div class=\"elementor-widget-container\">\n\t\t\t\t\t\t\t\t\t<p style=\"font-weight: 400;\">2023 y\u0131l\u0131nda Piri Reis \u00dcniversitesi Hukuk Fak\u00fcltesi\u2019nden mezun olmu\u015ftur. Mezuniyetinin ard\u0131ndan ayn\u0131 \u00fcniversitede Deniz Hukuku alan\u0131nda Y\u00fcksek Lisans (LL.M) e\u011fitimine devam etmektedir. Akademik \u00e7al\u0131\u015fmalar\u0131n\u0131 s\u00fcrd\u00fcrd\u00fc\u011f\u00fc bu s\u00fcre\u00e7te, Sodac Acar Hukuk B\u00fcrosu\u2019nda stajyer avukat olarak devam etmektedir.<\/p><p><b><br \/>Konu\u015ftu\u011fu Diller:\u00a0<\/b>Tu\u0308rk\u00e7e, \u0130ngilizce<br \/><b>E-posta: <\/b>mustafa@sodaclaw.com<br \/><b>Telefon:<\/b> +90 532 672 5215<\/p>\t\t\t\t\t\t\t\t<\/div>\n\t\t\t\t<\/div>\n\t\t\t\t\t<\/div>\n\t\t<\/div>\n\t\t\t\t\t<\/div>\n\t\t<\/section>\n\t\t\t\t<\/div>\n\t\t","protected":false},"excerpt":{"rendered":"<p>Mustafa \u0130smail \u00c7akar Avukat 2023 y\u0131l\u0131nda Piri Reis \u00dcniversitesi Hukuk Fak\u00fcltesi\u2019nden mezun olmu\u015ftur. Mezuniyetinin ard\u0131ndan ayn\u0131 \u00fcniversitede Deniz Hukuku alan\u0131nda Y\u00fcksek Lisans (LL.M) e\u011fitimine devam etmektedir. Akademik \u00e7al\u0131\u015fmalar\u0131n\u0131 s\u00fcrd\u00fcrd\u00fc\u011f\u00fc bu s\u00fcre\u00e7te, Sodac Acar Hukuk B\u00fcrosu\u2019nda stajyer avukat olarak devam etmektedir. Konu\u015ftu\u011fu Diller:\u00a0Tu\u0308rk\u00e7e, \u0130ngilizceE-posta: mustafa@sodaclaw.comTelefon: +90 532 672 5215<\/p>\n","protected":false},"author":1,"featured_media":0,"parent":0,"menu_order":0,"comment_status":"closed","ping_status":"closed","template":"page-full-width.php","meta":{"footnotes":""},"class_list":["post-12173","page","type-page","status-publish","hentry"],"_links":{"self":[{"href":"https:\/\/sodaclaw.com\/index.php\/wp-json\/wp\/v2\/pages\/12173","targetHints":{"allow":["GET"]}}],"collection":[{"href":"https:\/\/sodaclaw.com\/index.php\/wp-json\/wp\/v2\/pages"}],"about":[{"href":"https:\/\/sodaclaw.com\/index.php\/wp-json\/wp\/v2\/types\/page"}],"author":[{"embeddable":true,"href":"https:\/\/sodaclaw.com\/index.php\/wp-json\/wp\/v2\/users\/1"}],"replies":[{"embeddable":true,"href":"https:\/\/sodaclaw.com\/index.php\/wp-json\/wp\/v2\/comments?post=12173"}],"version-history":[{"count":16,"href":"https:\/\/sodaclaw.com\/index.php\/wp-json\/wp\/v2\/pages\/12173\/revisions"}],"predecessor-version":[{"id":12671,"href":"https:\/\/sodaclaw.com\/index.php\/wp-json\/wp\/v2\/pages\/12173\/revisions\/12671"}],"wp:attachment":[{"href":"https:\/\/sodaclaw.com\/index.php\/wp-json\/wp\/v2\/media?parent=12173"}],"curies":[{"name":"wp","href":"https:\/\/api.w.org\/{rel}","templated":true}]}}