{"id":12839,"date":"2025-10-23T23:02:32","date_gmt":"2025-10-23T20:02:32","guid":{"rendered":"https:\/\/sodaclaw.com\/?page_id=12839"},"modified":"2025-10-24T01:27:59","modified_gmt":"2025-10-23T22:27:59","slug":"ekibimiz-2","status":"publish","type":"page","link":"https:\/\/sodaclaw.com\/index.php\/ekibimiz-2\/","title":{"rendered":"Ekibimiz"},"content":{"rendered":"\t\t<div data-elementor-type=\"wp-page\" data-elementor-id=\"12839\" class=\"elementor elementor-12839\">\n\t\t\t\t\t\t<section class=\"elementor-section elementor-top-section elementor-element elementor-element-b70eb05 elementor-section-full_width elementor-section-height-min-height qodef-elementor-content-grid elementor-section-height-default elementor-section-items-middle\" data-id=\"b70eb05\" data-element_type=\"section\" data-e-type=\"section\" data-settings=\"{&quot;background_background&quot;:&quot;classic&quot;}\">\n\t\t\t\t\t\t<div class=\"elementor-container elementor-column-gap-no\">\n\t\t\t\t\t<div class=\"elementor-column elementor-col-100 elementor-top-column elementor-element elementor-element-1769895\" data-id=\"1769895\" data-element_type=\"column\" data-e-type=\"column\">\n\t\t\t<div class=\"elementor-widget-wrap elementor-element-populated\">\n\t\t\t\t\t\t<div class=\"elementor-element elementor-element-0ffc2fd elementor-widget elementor-widget-leroux_core_section_title\" data-id=\"0ffc2fd\" data-element_type=\"widget\" data-e-type=\"widget\" data-widget_type=\"leroux_core_section_title.default\">\n\t\t\t\t<div class=\"elementor-widget-container\">\n\t\t\t\t\t<div class=\"qodef-shortcode qodef-m  qodef-section-title qodef-alignment--center \">\n\t\t<h1 class=\"qodef-m-title\" style=\"color: #FFFFFF\">\n\t\t\t\t\tEkibimiz\t\t\t<\/h1>\n\t<\/div>\n\t\t\t\t<\/div>\n\t\t\t\t<\/div>\n\t\t\t\t\t<\/div>\n\t\t<\/div>\n\t\t\t\t\t<\/div>\n\t\t<\/section>\n\t\t\t\t<section class=\"elementor-section elementor-top-section elementor-element elementor-element-9035498 elementor-section-full_width elementor-section-height-default elementor-section-height-default\" data-id=\"9035498\" data-element_type=\"section\" data-e-type=\"section\" data-settings=\"{&quot;background_background&quot;:&quot;classic&quot;}\">\n\t\t\t\t\t\t<div class=\"elementor-container elementor-column-gap-no\">\n\t\t\t\t\t<div class=\"elementor-column elementor-col-100 elementor-top-column elementor-element elementor-element-a51b12b\" data-id=\"a51b12b\" data-element_type=\"column\" data-e-type=\"column\">\n\t\t\t<div class=\"elementor-widget-wrap elementor-element-populated\">\n\t\t\t\t\t\t<div class=\"elementor-element elementor-element-8926fff elementor-widget__width-initial elementor-widget elementor-widget-leroux_core_team_list\" data-id=\"8926fff\" data-element_type=\"widget\" data-e-type=\"widget\" id=\"team-title\" data-widget_type=\"leroux_core_team_list.default\">\n\t\t\t\t<div class=\"elementor-widget-container\">\n\t\t\t\t\t<div class=\"qodef-shortcode qodef-m  qodef-team-list qodef-item-layout--info-below qodef-grid qodef-layout--columns  qodef-gutter--medium qodef-vertical-gutter--medium qodef-col-num--5 qodef-item-layout--info-below qodef-pagination--off qodef-responsive--custom qodef-col-num--1440--5 qodef-col-num--1366--5 qodef-col-num--1024--2 qodef-col-num--768--2 qodef-col-num--680--2 qodef-col-num--480--1\" data-options=\"{&quot;plugin&quot;:&quot;leroux_core&quot;,&quot;module&quot;:&quot;post-types\\\/team\\\/shortcodes&quot;,&quot;shortcode&quot;:&quot;team-list&quot;,&quot;post_type&quot;:&quot;team&quot;,&quot;next_page&quot;:&quot;2&quot;,&quot;max_pages_num&quot;:1,&quot;behavior&quot;:&quot;columns&quot;,&quot;images_proportion&quot;:&quot;full&quot;,&quot;columns&quot;:&quot;5&quot;,&quot;columns_responsive&quot;:&quot;custom&quot;,&quot;columns_1440&quot;:&quot;5&quot;,&quot;columns_1366&quot;:&quot;5&quot;,&quot;columns_1024&quot;:&quot;2&quot;,&quot;columns_768&quot;:&quot;2&quot;,&quot;columns_680&quot;:&quot;2&quot;,&quot;columns_480&quot;:&quot;1&quot;,&quot;space&quot;:&quot;medium&quot;,&quot;vertical_space&quot;:&quot;medium&quot;,&quot;posts_per_page&quot;:&quot;7&quot;,&quot;orderby&quot;:&quot;date&quot;,&quot;order&quot;:&quot;DESC&quot;,&quot;additional_params&quot;:&quot;tax&quot;,&quot;tax&quot;:&quot;team-category&quot;,&quot;tax_slug&quot;:&quot;tr&quot;,&quot;layout&quot;:&quot;info-below&quot;,&quot;title_tag&quot;:&quot;h5&quot;,&quot;pagination_type&quot;:&quot;no-pagination&quot;,&quot;object_class_name&quot;:&quot;LerouxCore_Team_List_Shortcode&quot;,&quot;taxonomy_filter&quot;:&quot;team-category&quot;,&quot;additional_query_args&quot;:{&quot;tax_query&quot;:[{&quot;taxonomy&quot;:&quot;team-category&quot;,&quot;field&quot;:&quot;slug&quot;,&quot;terms&quot;:&quot;tr&quot;}]},&quot;item_classes&quot;:&quot;qodef-e qodef-grid-item &quot;,&quot;space_value&quot;:40}\">\n\t\t<div class=\"qodef-grid-inner\">\n\t\t<div class=\"qodef-e qodef-grid-item  post-12912 team type-team status-publish has-post-thumbnail hentry team-category-tr\">\n\t<div class=\"qodef-e-inner\">\n\t\t<div class=\"qodef-e-image\">\n\t\t\t\t<div class=\"qodef-e-media-image\">\n\t\t\t\t\t<img fetchpriority=\"high\" decoding=\"async\" width=\"1706\" height=\"2560\" src=\"https:\/\/sodaclaw.com\/wp-content\/uploads\/2025\/10\/nafisah-scaled.jpg\" class=\"attachment-full size-full wp-post-image\" alt=\"\" srcset=\"https:\/\/sodaclaw.com\/wp-content\/uploads\/2025\/10\/nafisah-scaled.jpg 1706w, https:\/\/sodaclaw.com\/wp-content\/uploads\/2025\/10\/nafisah-200x300.jpg 200w, https:\/\/sodaclaw.com\/wp-content\/uploads\/2025\/10\/nafisah-682x1024.jpg 682w, https:\/\/sodaclaw.com\/wp-content\/uploads\/2025\/10\/nafisah-768x1152.jpg 768w, https:\/\/sodaclaw.com\/wp-content\/uploads\/2025\/10\/nafisah-1024x1536.jpg 1024w, https:\/\/sodaclaw.com\/wp-content\/uploads\/2025\/10\/nafisah-1365x2048.jpg 1365w\" sizes=\"(max-width: 1706px) 100vw, 1706px\" \/>\t\t\t<\/div>\n\t\t<\/div>\n\t\t<div class=\"qodef-e-content\" >\n            <div class=\"qodef-e-content-left\">\n                <h5 itemprop=\"name\" class=\"qodef-e-title entry-title\" >\n\t\t\tNafisah Sotvoldieva\t<\/h5>\n                \t<p class=\"qodef-e-role\">Ofis Destek G\u00f6revlisi<\/p>\n            <\/div>\n            <div class=\"qodef-e-content-right\">\n\t\t\t                <\/div>\n\t\t<\/div>\n\t<\/div>\n<\/div>\n<div class=\"qodef-e qodef-grid-item  post-12824 team type-team status-publish has-post-thumbnail hentry team-category-tr\">\n\t<div class=\"qodef-e-inner\">\n\t\t<div class=\"qodef-e-image\">\n\t\t\t\t<div class=\"qodef-e-media-image\">\n\t\t\t\t\t<img decoding=\"async\" width=\"1706\" height=\"2560\" src=\"https:\/\/sodaclaw.com\/wp-content\/uploads\/2025\/10\/duygu-hanim-jpg-scaled.jpg\" class=\"attachment-full size-full wp-post-image\" alt=\"\" srcset=\"https:\/\/sodaclaw.com\/wp-content\/uploads\/2025\/10\/duygu-hanim-jpg-scaled.jpg 1706w, https:\/\/sodaclaw.com\/wp-content\/uploads\/2025\/10\/duygu-hanim-jpg-200x300.jpg 200w, https:\/\/sodaclaw.com\/wp-content\/uploads\/2025\/10\/duygu-hanim-jpg-682x1024.jpg 682w, https:\/\/sodaclaw.com\/wp-content\/uploads\/2025\/10\/duygu-hanim-jpg-768x1152.jpg 768w, https:\/\/sodaclaw.com\/wp-content\/uploads\/2025\/10\/duygu-hanim-jpg-1024x1536.jpg 1024w, https:\/\/sodaclaw.com\/wp-content\/uploads\/2025\/10\/duygu-hanim-jpg-1365x2048.jpg 1365w\" sizes=\"(max-width: 1706px) 100vw, 1706px\" \/>\t\t\t<\/div>\n\t\t<\/div>\n\t\t<div class=\"qodef-e-content\" >\n            <div class=\"qodef-e-content-left\">\n                <h5 itemprop=\"name\" class=\"qodef-e-title entry-title\" >\n\t\t\tDuygu Kalkan\t<\/h5>\n                \t<p class=\"qodef-e-role\">\u0130dari \u0130\u015fler\u00a0Sorumlusu<\/p>\n            <\/div>\n            <div class=\"qodef-e-content-right\">\n\t\t\t                <\/div>\n\t\t<\/div>\n\t<\/div>\n<\/div>\n<div class=\"qodef-e qodef-grid-item  post-12907 team type-team status-publish has-post-thumbnail hentry team-category-tr\">\n\t<div class=\"qodef-e-inner\">\n\t\t<div class=\"qodef-e-image\">\n\t\t\t\t<div class=\"qodef-e-media-image\">\n\t\t\t\t\t<img decoding=\"async\" width=\"710\" height=\"1066\" src=\"https:\/\/sodaclaw.com\/wp-content\/uploads\/2025\/10\/zeynep-senadir.jpg\" class=\"attachment-full size-full wp-post-image\" alt=\"\" srcset=\"https:\/\/sodaclaw.com\/wp-content\/uploads\/2025\/10\/zeynep-senadir.jpg 710w, https:\/\/sodaclaw.com\/wp-content\/uploads\/2025\/10\/zeynep-senadir-200x300.jpg 200w, https:\/\/sodaclaw.com\/wp-content\/uploads\/2025\/10\/zeynep-senadir-682x1024.jpg 682w\" sizes=\"(max-width: 710px) 100vw, 710px\" \/>\t\t\t<\/div>\n\t\t<\/div>\n\t\t<div class=\"qodef-e-content\" >\n            <div class=\"qodef-e-content-left\">\n                <h5 itemprop=\"name\" class=\"qodef-e-title entry-title\" >\n\t\t\tZeynep Sena Onu\u015f\t<\/h5>\n                \t<p class=\"qodef-e-role\">Stajyer Avukat<\/p>\n            <\/div>\n            <div class=\"qodef-e-content-right\">\n\t\t\t                <\/div>\n\t\t<\/div>\n\t<\/div>\n<\/div>\n<div class=\"qodef-e qodef-grid-item  post-12904 team type-team status-publish has-post-thumbnail hentry team-category-tr\">\n\t<div class=\"qodef-e-inner\">\n\t\t<div class=\"qodef-e-image\">\n\t\t\t\t<div class=\"qodef-e-media-image\">\n\t\t\t\t\t<img loading=\"lazy\" decoding=\"async\" width=\"1706\" height=\"2560\" src=\"https:\/\/sodaclaw.com\/wp-content\/uploads\/2025\/10\/elmir-miriyevvv-scaled.jpg\" class=\"attachment-full size-full wp-post-image\" alt=\"\" srcset=\"https:\/\/sodaclaw.com\/wp-content\/uploads\/2025\/10\/elmir-miriyevvv-scaled.jpg 1706w, https:\/\/sodaclaw.com\/wp-content\/uploads\/2025\/10\/elmir-miriyevvv-200x300.jpg 200w, https:\/\/sodaclaw.com\/wp-content\/uploads\/2025\/10\/elmir-miriyevvv-682x1024.jpg 682w, https:\/\/sodaclaw.com\/wp-content\/uploads\/2025\/10\/elmir-miriyevvv-768x1152.jpg 768w, https:\/\/sodaclaw.com\/wp-content\/uploads\/2025\/10\/elmir-miriyevvv-1024x1536.jpg 1024w, https:\/\/sodaclaw.com\/wp-content\/uploads\/2025\/10\/elmir-miriyevvv-1365x2048.jpg 1365w\" sizes=\"(max-width: 1706px) 100vw, 1706px\" \/>\t\t\t<\/div>\n\t\t<\/div>\n\t\t<div class=\"qodef-e-content\" >\n            <div class=\"qodef-e-content-left\">\n                <h5 itemprop=\"name\" class=\"qodef-e-title entry-title\" >\n\t\t\tElmir Miriyev\t<\/h5>\n                \t<p class=\"qodef-e-role\">Stajyer Avukat<\/p>\n            <\/div>\n            <div class=\"qodef-e-content-right\">\n\t\t\t    \t<div class=\"qodef-social-icon\">\n\t\t\t\t\t<\/div>\n            <\/div>\n\t\t<\/div>\n\t<\/div>\n<\/div>\n<div class=\"qodef-e qodef-grid-item  post-12826 team type-team status-publish has-post-thumbnail hentry team-category-tr\">\n\t<div class=\"qodef-e-inner\">\n\t\t<div class=\"qodef-e-image\">\n\t\t\t\t<div class=\"qodef-e-media-image\">\n\t\t\t\t\t<img loading=\"lazy\" decoding=\"async\" width=\"1706\" height=\"2560\" src=\"https:\/\/sodaclaw.com\/wp-content\/uploads\/2025\/10\/mustafa-yeni-scaled.jpg\" class=\"attachment-full size-full wp-post-image\" alt=\"\" srcset=\"https:\/\/sodaclaw.com\/wp-content\/uploads\/2025\/10\/mustafa-yeni-scaled.jpg 1706w, https:\/\/sodaclaw.com\/wp-content\/uploads\/2025\/10\/mustafa-yeni-200x300.jpg 200w, https:\/\/sodaclaw.com\/wp-content\/uploads\/2025\/10\/mustafa-yeni-683x1024.jpg 683w, https:\/\/sodaclaw.com\/wp-content\/uploads\/2025\/10\/mustafa-yeni-768x1152.jpg 768w, https:\/\/sodaclaw.com\/wp-content\/uploads\/2025\/10\/mustafa-yeni-1024x1536.jpg 1024w, https:\/\/sodaclaw.com\/wp-content\/uploads\/2025\/10\/mustafa-yeni-1365x2048.jpg 1365w\" sizes=\"(max-width: 1706px) 100vw, 1706px\" \/>\t\t\t<\/div>\n\t\t<\/div>\n\t\t<div class=\"qodef-e-content\" >\n            <div class=\"qodef-e-content-left\">\n                <h5 itemprop=\"name\" class=\"qodef-e-title entry-title\" >\n\t\t\tMustafa \u0130smail \u00c7akar\t<\/h5>\n                \t<p class=\"qodef-e-role\">Avukat<\/p>\n            <\/div>\n            <div class=\"qodef-e-content-right\">\n\t\t\t    \t<div class=\"qodef-social-icon\">\n\t\t\t\t\t\t<a class=\"qodef-team-member-social-icon\" href=\"\/index.php\/mustafa-ismail-cakar\/\" target=\"_self\">\n\t\t\t\t\t<span class=\"qodef-icon-elegant-icons icon_id\" ><\/span>\t\t\t\t<\/a>\n\t\t\t\t\t\t\t\t\t<a class=\"qodef-team-member-social-icon\" href=\"https:\/\/www.linkedin.com\/in\/mustafa-ismail-%C3%A7akar-b45594253\/\" target=\"_blank\">\n\t\t\t\t\t<span class=\"qodef-icon-elegant-icons social_linkedin_circle\" ><\/span>\t\t\t\t<\/a>\n\t\t\t\t\t\t<\/div>\n            <\/div>\n\t\t<\/div>\n\t<\/div>\n<\/div>\n<div class=\"qodef-e qodef-grid-item  post-12825 team type-team status-publish has-post-thumbnail hentry team-category-tr\">\n\t<div class=\"qodef-e-inner\">\n\t\t<div class=\"qodef-e-image\">\n\t\t\t\t<div class=\"qodef-e-media-image\">\n\t\t\t\t\t<img loading=\"lazy\" decoding=\"async\" width=\"1706\" height=\"2560\" src=\"https:\/\/sodaclaw.com\/wp-content\/uploads\/2025\/10\/yagmur-hanimdir-scaled.jpg\" class=\"attachment-full size-full wp-post-image\" alt=\"\" srcset=\"https:\/\/sodaclaw.com\/wp-content\/uploads\/2025\/10\/yagmur-hanimdir-scaled.jpg 1706w, https:\/\/sodaclaw.com\/wp-content\/uploads\/2025\/10\/yagmur-hanimdir-200x300.jpg 200w, https:\/\/sodaclaw.com\/wp-content\/uploads\/2025\/10\/yagmur-hanimdir-683x1024.jpg 683w, https:\/\/sodaclaw.com\/wp-content\/uploads\/2025\/10\/yagmur-hanimdir-768x1152.jpg 768w, https:\/\/sodaclaw.com\/wp-content\/uploads\/2025\/10\/yagmur-hanimdir-1024x1536.jpg 1024w, https:\/\/sodaclaw.com\/wp-content\/uploads\/2025\/10\/yagmur-hanimdir-1365x2048.jpg 1365w\" sizes=\"(max-width: 1706px) 100vw, 1706px\" \/>\t\t\t<\/div>\n\t\t<\/div>\n\t\t<div class=\"qodef-e-content\" >\n            <div class=\"qodef-e-content-left\">\n                <h5 itemprop=\"name\" class=\"qodef-e-title entry-title\" >\n\t\t\tYa\u011fmur Ko\u00e7\t<\/h5>\n                \t<p class=\"qodef-e-role\">Avukat<\/p>\n            <\/div>\n            <div class=\"qodef-e-content-right\">\n\t\t\t    \t<div class=\"qodef-social-icon\">\n\t\t\t\t\t\t<a class=\"qodef-team-member-social-icon\" href=\"\/index.php\/yagmur-koc\/\" target=\"_self\">\n\t\t\t\t\t<span class=\"qodef-icon-elegant-icons icon_id\" ><\/span>\t\t\t\t<\/a>\n\t\t\t\t\t\t\t\t\t<a class=\"qodef-team-member-social-icon\" href=\"https:\/\/www.linkedin.com\/in\/ya%C4%9Fmur-ko%C3%A7-43b892219\/\" target=\"_blank\">\n\t\t\t\t\t<span class=\"qodef-icon-elegant-icons social_linkedin_circle\" ><\/span>\t\t\t\t<\/a>\n\t\t\t\t\t\t<\/div>\n            <\/div>\n\t\t<\/div>\n\t<\/div>\n<\/div>\n<div class=\"qodef-e qodef-grid-item  post-12827 team type-team status-publish has-post-thumbnail hentry team-category-tr\">\n\t<div class=\"qodef-e-inner\">\n\t\t<div class=\"qodef-e-image\">\n\t\t\t\t<div class=\"qodef-e-media-image\">\n\t\t\t\t\t<img loading=\"lazy\" decoding=\"async\" width=\"582\" height=\"874\" src=\"https:\/\/sodaclaw.com\/wp-content\/uploads\/2025\/10\/amine-acar.jpg\" class=\"attachment-full size-full wp-post-image\" alt=\"\" srcset=\"https:\/\/sodaclaw.com\/wp-content\/uploads\/2025\/10\/amine-acar.jpg 582w, https:\/\/sodaclaw.com\/wp-content\/uploads\/2025\/10\/amine-acar-200x300.jpg 200w\" sizes=\"(max-width: 582px) 100vw, 582px\" \/>\t\t\t<\/div>\n\t\t<\/div>\n\t\t<div class=\"qodef-e-content\" >\n            <div class=\"qodef-e-content-left\">\n                <h5 itemprop=\"name\" class=\"qodef-e-title entry-title\" >\n\t\t\tAmine Acar\t<\/h5>\n                \t<p class=\"qodef-e-role\">Y\u00f6netici Ortak Avukat<\/p>\n            <\/div>\n            <div class=\"qodef-e-content-right\">\n\t\t\t    \t<div class=\"qodef-social-icon\">\n\t\t\t\t\t\t<a class=\"qodef-team-member-social-icon\" href=\"\/index.php\/amine-acar\/\" target=\"_self\">\n\t\t\t\t\t<span class=\"qodef-icon-elegant-icons icon_id\" ><\/span>\t\t\t\t<\/a>\n\t\t\t\t\t\t\t\t\t<a class=\"qodef-team-member-social-icon\" href=\"https:\/\/www.linkedin.com\/in\/amine-acar-4a5656a9\/\" target=\"_blank\">\n\t\t\t\t\t<span class=\"qodef-icon-elegant-icons social_linkedin_circle\" ><\/span>\t\t\t\t<\/a>\n\t\t\t\t\t\t<\/div>\n            <\/div>\n\t\t<\/div>\n\t<\/div>\n<\/div>\n\t<\/div>\n\t<\/div>\n\t\t\t\t<\/div>\n\t\t\t\t<\/div>\n\t\t\t\t\t<\/div>\n\t\t<\/div>\n\t\t\t\t\t<\/div>\n\t\t<\/section>\n\t\t\t\t<\/div>\n\t\t","protected":false},"excerpt":{"rendered":"<p>Ekibimiz Amine Acar Y\u00f6netici Ortak Avukat Mustafa \u0130smail \u00c7akar Avukat Ya\u011fmur Ko\u00e7 Avukat Duygu Kalkan \u0130dari \u0130\u015fler\u00a0Sorumlusu<\/p>\n","protected":false},"author":1,"featured_media":0,"parent":0,"menu_order":0,"comment_status":"closed","ping_status":"closed","template":"page-full-width.php","meta":{"footnotes":""},"class_list":["post-12839","page","type-page","status-publish","hentry"],"_links":{"self":[{"href":"https:\/\/sodaclaw.com\/index.php\/wp-json\/wp\/v2\/pages\/12839","targetHints":{"allow":["GET"]}}],"collection":[{"href":"https:\/\/sodaclaw.com\/index.php\/wp-json\/wp\/v2\/pages"}],"about":[{"href":"https:\/\/sodaclaw.com\/index.php\/wp-json\/wp\/v2\/types\/page"}],"author":[{"embeddable":true,"href":"https:\/\/sodaclaw.com\/index.php\/wp-json\/wp\/v2\/users\/1"}],"replies":[{"embeddable":true,"href":"https:\/\/sodaclaw.com\/index.php\/wp-json\/wp\/v2\/comments?post=12839"}],"version-history":[{"count":4,"href":"https:\/\/sodaclaw.com\/index.php\/wp-json\/wp\/v2\/pages\/12839\/revisions"}],"predecessor-version":[{"id":12886,"href":"https:\/\/sodaclaw.com\/index.php\/wp-json\/wp\/v2\/pages\/12839\/revisions\/12886"}],"wp:attachment":[{"href":"https:\/\/sodaclaw.com\/index.php\/wp-json\/wp\/v2\/media?parent=12839"}],"curies":[{"name":"wp","href":"https:\/\/api.w.org\/{rel}","templated":true}]}}