{"id":7516,"date":"2023-02-13T22:35:07","date_gmt":"2023-02-13T22:35:07","guid":{"rendered":"https:\/\/leroux.qodeinteractive.com\/?page_id=7516"},"modified":"2025-01-03T11:45:50","modified_gmt":"2025-01-03T08:45:50","slug":"amine-acar","status":"publish","type":"page","link":"https:\/\/sodaclaw.com\/index.php\/amine-acar\/","title":{"rendered":"Amine Acar"},"content":{"rendered":"\t\t<div data-elementor-type=\"wp-page\" data-elementor-id=\"7516\" class=\"elementor elementor-7516\">\n\t\t\t\t\t\t<section class=\"elementor-section elementor-top-section elementor-element elementor-element-418c0cf elementor-section-full_width elementor-reverse-mobile elementor-section-height-min-height elementor-section-height-default elementor-section-items-middle\" data-id=\"418c0cf\" data-element_type=\"section\" data-e-type=\"section\" data-settings=\"{&quot;background_background&quot;:&quot;classic&quot;}\">\n\t\t\t\t\t\t<div class=\"elementor-container elementor-column-gap-no\">\n\t\t\t\t\t<div class=\"elementor-column elementor-col-100 elementor-top-column elementor-element elementor-element-b63dc00\" data-id=\"b63dc00\" data-element_type=\"column\" data-e-type=\"column\">\n\t\t\t<div class=\"elementor-widget-wrap elementor-element-populated\">\n\t\t\t\t\t\t<div class=\"elementor-element elementor-element-f2e5bee elementor-widget elementor-widget-leroux_core_section_title\" data-id=\"f2e5bee\" data-element_type=\"widget\" data-e-type=\"widget\" data-widget_type=\"leroux_core_section_title.default\">\n\t\t\t\t<div class=\"elementor-widget-container\">\n\t\t\t\t\t<div class=\"qodef-shortcode qodef-m  qodef-section-title qodef-alignment--center \">\n\t\t<h1 class=\"qodef-m-title\" style=\"color: #FFFFFF\">\n\t\t\t\t\tAmine Acar\t\t\t<\/h1>\n\t\t<p class=\"qodef-m-text\" style=\"color: #FFFFFF\">Y\u00f6netici Ortak Avukat<\/p>\n<\/div>\n\t\t\t\t<\/div>\n\t\t\t\t<\/div>\n\t\t\t\t\t<\/div>\n\t\t<\/div>\n\t\t\t\t\t<\/div>\n\t\t<\/section>\n\t\t\t\t<section class=\"elementor-section elementor-top-section elementor-element elementor-element-73d1c9a elementor-section-full_width qodef-elementor-content-grid elementor-section-height-default elementor-section-height-default\" data-id=\"73d1c9a\" data-element_type=\"section\" data-e-type=\"section\">\n\t\t\t\t\t\t<div class=\"elementor-container elementor-column-gap-no\">\n\t\t\t\t\t<div class=\"elementor-column elementor-col-100 elementor-top-column elementor-element elementor-element-31985ad\" data-id=\"31985ad\" data-element_type=\"column\" data-e-type=\"column\">\n\t\t\t<div class=\"elementor-widget-wrap elementor-element-populated\">\n\t\t\t\t\t\t<div class=\"elementor-element elementor-element-8e164c4 elementor-widget elementor-widget-text-editor\" data-id=\"8e164c4\" data-element_type=\"widget\" data-e-type=\"widget\" data-widget_type=\"text-editor.default\">\n\t\t\t\t<div class=\"elementor-widget-container\">\n\t\t\t\t\t\t\t\t\t<p>Sodac Acar Law&#8217;un kurucu orta\u011f\u0131 Amine, \u0130stanbul \u00dcniversitesi Hukuk Faku\u0308ltesi&#8217;nden 2018 y\u0131l\u0131nda mezun oldu. Mezuniyetinin ard\u0131ndan deniz hukuku alan\u0131nda \u00e7al\u0131\u015fmaya ba\u015flayan Amine, 2021 y\u0131l\u0131ndan bu yana Sodac Acar Law ad\u0131 alt\u0131nda Deniz Hukuku alan\u0131nda profesyonel olarak faaliyet g\u00f6stermektedir.<\/p><p><b><br \/>Konu\u015ftu\u011fu Diller:\u00a0<\/b>Tu\u0308rk\u00e7e, \u0130ngilizce<\/p><p><b><br \/>E- posta:\u00a0<\/b>amine@sodaclaw.com <br \/><br \/><b>Telefon:<\/b> +90 546 927 1501<\/p>\t\t\t\t\t\t\t\t<\/div>\n\t\t\t\t<\/div>\n\t\t\t\t\t<\/div>\n\t\t<\/div>\n\t\t\t\t\t<\/div>\n\t\t<\/section>\n\t\t\t\t<\/div>\n\t\t","protected":false},"excerpt":{"rendered":"<p>Amine Acar Y\u00f6netici Ortak Avukat Sodac Acar Law&#8217;un kurucu orta\u011f\u0131 Amine, \u0130stanbul \u00dcniversitesi Hukuk Faku\u0308ltesi&#8217;nden 2018 y\u0131l\u0131nda mezun oldu. Mezuniyetinin ard\u0131ndan deniz hukuku alan\u0131nda \u00e7al\u0131\u015fmaya ba\u015flayan Amine, 2021 y\u0131l\u0131ndan bu yana Sodac Acar Law ad\u0131 alt\u0131nda Deniz Hukuku alan\u0131nda profesyonel olarak faaliyet g\u00f6stermektedir. Konu\u015ftu\u011fu Diller:\u00a0Tu\u0308rk\u00e7e, \u0130ngilizce E- posta:\u00a0amine@sodaclaw.com Telefon: +90 546 927 1501<\/p>\n","protected":false},"author":1,"featured_media":0,"parent":0,"menu_order":0,"comment_status":"closed","ping_status":"closed","template":"page-full-width.php","meta":{"footnotes":""},"class_list":["post-7516","page","type-page","status-publish","hentry"],"_links":{"self":[{"href":"https:\/\/sodaclaw.com\/index.php\/wp-json\/wp\/v2\/pages\/7516","targetHints":{"allow":["GET"]}}],"collection":[{"href":"https:\/\/sodaclaw.com\/index.php\/wp-json\/wp\/v2\/pages"}],"about":[{"href":"https:\/\/sodaclaw.com\/index.php\/wp-json\/wp\/v2\/types\/page"}],"author":[{"embeddable":true,"href":"https:\/\/sodaclaw.com\/index.php\/wp-json\/wp\/v2\/users\/1"}],"replies":[{"embeddable":true,"href":"https:\/\/sodaclaw.com\/index.php\/wp-json\/wp\/v2\/comments?post=7516"}],"version-history":[{"count":15,"href":"https:\/\/sodaclaw.com\/index.php\/wp-json\/wp\/v2\/pages\/7516\/revisions"}],"predecessor-version":[{"id":12632,"href":"https:\/\/sodaclaw.com\/index.php\/wp-json\/wp\/v2\/pages\/7516\/revisions\/12632"}],"wp:attachment":[{"href":"https:\/\/sodaclaw.com\/index.php\/wp-json\/wp\/v2\/media?parent=7516"}],"curies":[{"name":"wp","href":"https:\/\/api.w.org\/{rel}","templated":true}]}}